{"id":483,"date":"2021-11-09T16:56:50","date_gmt":"2021-11-09T16:56:50","guid":{"rendered":"https:\/\/timpe24.de\/?page_id=483"},"modified":"2021-11-10T17:59:06","modified_gmt":"2021-11-10T17:59:06","slug":"schulbedarf","status":"publish","type":"page","link":"https:\/\/timpe24.de\/?page_id=483","title":{"rendered":"Schulbedarf"},"content":{"rendered":"\t\t<div data-elementor-type=\"wp-page\" data-elementor-id=\"483\" class=\"elementor elementor-483\" data-elementor-settings=\"[]\">\n\t\t\t\t\t\t\t<div class=\"elementor-section-wrap\">\n\t\t\t\t\t\t\t<section class=\"elementor-section elementor-top-section elementor-element elementor-element-cdd716a elementor-section-boxed elementor-section-height-default elementor-section-height-default\" data-id=\"cdd716a\" data-element_type=\"section\">\n\t\t\t\t\t\t<div class=\"elementor-container elementor-column-gap-default\">\n\t\t\t\t\t<div class=\"elementor-column elementor-col-100 elementor-top-column elementor-element elementor-element-fb8e0e7\" data-id=\"fb8e0e7\" data-element_type=\"column\">\n\t\t\t<div class=\"elementor-widget-wrap elementor-element-populated\">\n\t\t\t\t\t\t\t\t<div class=\"elementor-element elementor-element-daee03d elementor-widget elementor-widget-text-editor\" data-id=\"daee03d\" data-element_type=\"widget\" data-widget_type=\"text-editor.default\">\n\t\t\t\t<div class=\"elementor-widget-container\">\n\t\t\t\t\t<div class=\"elementor-text-editor elementor-clearfix\"><p style=\"text-align: center;\"><span style=\"font-size: 18pt;\"><strong>Alle Artikel f\u00fcr die <\/strong><\/span><b><span style=\"font-size: 18pt;\">Schule sind bei uns verf\u00fcgbar.<span style=\"font-size: 8pt;\"><br \/><\/span><br \/>Schauen Sie rein oder rufen Sie uns an<\/span> <span style=\"color: #ff0000; font-size: 18pt;\">02041-25246<\/span>.<\/b><\/p><\/div>\n\t\t\t\t<\/div>\n\t\t\t\t<\/div>\n\t\t\t\t\t<\/div>\n\t\t<\/div>\n\t\t\t\t\t\t\t<\/div>\n\t\t<\/section>\n\t\t\t\t<section class=\"elementor-section elementor-top-section elementor-element elementor-element-62a0ec76 elementor-section-boxed elementor-section-height-default elementor-section-height-default\" data-id=\"62a0ec76\" data-element_type=\"section\">\n\t\t\t\t\t\t<div class=\"elementor-container elementor-column-gap-default\">\n\t\t\t\t\t<div class=\"elementor-column elementor-col-100 elementor-top-column elementor-element elementor-element-340eeee\" data-id=\"340eeee\" data-element_type=\"column\">\n\t\t\t<div class=\"elementor-widget-wrap elementor-element-populated\">\n\t\t\t\t\t\t\t\t<div class=\"elementor-element elementor-element-1f43e411 elementor-widget elementor-widget-text-editor\" data-id=\"1f43e411\" data-element_type=\"widget\" data-widget_type=\"text-editor.default\">\n\t\t\t\t<div class=\"elementor-widget-container\">\n\t\t\t\t\t<div class=\"elementor-text-editor elementor-clearfix\"><!-- wp:image {\"id\":484,\"sizeSlug\":\"large\",\"linkDestination\":\"none\"} -->\n<figure class=\"wp-block-image size-large\"><img loading=\"lazy\" width=\"1024\" height=\"768\" class=\"wp-image-484\" src=\"https:\/\/timpe24.de\/wp-content\/uploads\/2021\/11\/Hefte-u-Ordner-202111-Regal-1024x768.jpg\" alt=\"\" srcset=\"https:\/\/timpe24.de\/wp-content\/uploads\/2021\/11\/Hefte-u-Ordner-202111-Regal-1024x768.jpg 1024w, https:\/\/timpe24.de\/wp-content\/uploads\/2021\/11\/Hefte-u-Ordner-202111-Regal-300x225.jpg 300w, https:\/\/timpe24.de\/wp-content\/uploads\/2021\/11\/Hefte-u-Ordner-202111-Regal-768x576.jpg 768w, https:\/\/timpe24.de\/wp-content\/uploads\/2021\/11\/Hefte-u-Ordner-202111-Regal-1536x1152.jpg 1536w, https:\/\/timpe24.de\/wp-content\/uploads\/2021\/11\/Hefte-u-Ordner-202111-Regal-2048x1536.jpg 2048w\" sizes=\"(max-width: 1024px) 100vw, 1024px\" \/>\n<figcaption><span style=\"font-size: 12pt; color: #0000ff;\"><strong>Schreibblocks, Hefte, Ordner, Kladden in vielen unterschiedlichen Farben erh\u00e4ltlich<\/strong><\/span><\/figcaption>\n<\/figure>\n<!-- \/wp:image --><!-- wp:image {\"id\":485,\"sizeSlug\":\"large\",\"linkDestination\":\"none\"} -->\n<figure class=\"wp-block-image size-large\"><img loading=\"lazy\" width=\"768\" height=\"1024\" class=\"wp-image-485\" src=\"https:\/\/timpe24.de\/wp-content\/uploads\/2021\/11\/Huellen-202111-Regal-768x1024.jpg\" alt=\"\" srcset=\"https:\/\/timpe24.de\/wp-content\/uploads\/2021\/11\/Huellen-202111-Regal-768x1024.jpg 768w, https:\/\/timpe24.de\/wp-content\/uploads\/2021\/11\/Huellen-202111-Regal-225x300.jpg 225w, https:\/\/timpe24.de\/wp-content\/uploads\/2021\/11\/Huellen-202111-Regal-1152x1536.jpg 1152w, https:\/\/timpe24.de\/wp-content\/uploads\/2021\/11\/Huellen-202111-Regal-1536x2048.jpg 1536w, https:\/\/timpe24.de\/wp-content\/uploads\/2021\/11\/Huellen-202111-Regal-scaled.jpg 1920w\" sizes=\"(max-width: 768px) 100vw, 768px\" \/>\n<figcaption><strong><span style=\"color: #0000ff; font-size: 12pt;\">Mappen und Buch- und Hefth\u00fcllen sind in gro\u00dfer Auswahl im Gesch\u00e4ft verf\u00fcgbar<\/span><\/strong><\/figcaption>\n<\/figure>\n<!-- \/wp:image --><\/div>\n\t\t\t\t<\/div>\n\t\t\t\t<\/div>\n\t\t\t\t\t<\/div>\n\t\t<\/div>\n\t\t\t\t\t\t\t<\/div>\n\t\t<\/section>\n\t\t\t\t\t\t<\/div>\n\t\t\t\t\t<\/div>\n\t\t","protected":false},"excerpt":{"rendered":"<p>Alle Artikel f\u00fcr die Schule sind bei uns verf\u00fcgbar. Schauen Sie rein oder rufen Sie uns an 02041-25246.<\/p>\n","protected":false},"author":1,"featured_media":0,"parent":0,"menu_order":0,"comment_status":"closed","ping_status":"closed","template":"","meta":[],"amp_enabled":true,"_links":{"self":[{"href":"https:\/\/timpe24.de\/index.php?rest_route=\/wp\/v2\/pages\/483"}],"collection":[{"href":"https:\/\/timpe24.de\/index.php?rest_route=\/wp\/v2\/pages"}],"about":[{"href":"https:\/\/timpe24.de\/index.php?rest_route=\/wp\/v2\/types\/page"}],"author":[{"embeddable":true,"href":"https:\/\/timpe24.de\/index.php?rest_route=\/wp\/v2\/users\/1"}],"replies":[{"embeddable":true,"href":"https:\/\/timpe24.de\/index.php?rest_route=%2Fwp%2Fv2%2Fcomments&post=483"}],"version-history":[{"count":6,"href":"https:\/\/timpe24.de\/index.php?rest_route=\/wp\/v2\/pages\/483\/revisions"}],"predecessor-version":[{"id":561,"href":"https:\/\/timpe24.de\/index.php?rest_route=\/wp\/v2\/pages\/483\/revisions\/561"}],"wp:attachment":[{"href":"https:\/\/timpe24.de\/index.php?rest_route=%2Fwp%2Fv2%2Fmedia&parent=483"}],"curies":[{"name":"wp","href":"https:\/\/api.w.org\/{rel}","templated":true}]}}